{"id":481,"date":"2024-01-30T17:30:37","date_gmt":"2024-01-30T21:30:37","guid":{"rendered":"https:\/\/sionairlines.com\/?page_id=481"},"modified":"2025-12-23T17:16:40","modified_gmt":"2025-12-23T21:16:40","slug":"about","status":"publish","type":"page","link":"https:\/\/sionairlines.com\/fr\/about\/","title":{"rendered":"\u00c0 propos de nous"},"content":{"rendered":"<div data-elementor-type=\"wp-page\" data-elementor-id=\"481\" class=\"elementor elementor-481\" data-elementor-post-type=\"page\">\n\t\t\t\t\t\t<section class=\"elementor-section elementor-top-section elementor-element elementor-element-a03d068 elementor-section-full_width elementor-section-stretched elementor-section-height-default elementor-section-height-default\" data-id=\"a03d068\" data-element_type=\"section\" data-settings=\"{&quot;stretch_section&quot;:&quot;section-stretched&quot;}\">\n\t\t\t\t\t\t<div class=\"elementor-container elementor-column-gap-no\">\n\t\t\t\t\t<div class=\"elementor-column elementor-col-100 elementor-top-column elementor-element elementor-element-ed4d597\" data-id=\"ed4d597\" data-element_type=\"column\">\n\t\t\t<div class=\"elementor-widget-wrap elementor-element-populated\">\n\t\t\t\t\t\t<div class=\"elementor-element elementor-element-0652932 elementor-widget elementor-widget-image\" data-id=\"0652932\" data-element_type=\"widget\" data-widget_type=\"image.default\">\n\t\t\t\t<div class=\"elementor-widget-container\">\n\t\t\t\t\t\t\t\t\t\t\t\t\t\t\t<img fetchpriority=\"high\" decoding=\"async\" width=\"2000\" height=\"800\" src=\"https:\/\/sionairlines.com\/wp-content\/uploads\/2025\/12\/sionairlines-aboutus.jpg\" class=\"attachment-full size-full wp-image-1285\" alt=\"\" srcset=\"https:\/\/sionairlines.com\/wp-content\/uploads\/2025\/12\/sionairlines-aboutus.jpg 2000w, https:\/\/sionairlines.com\/wp-content\/uploads\/2025\/12\/sionairlines-aboutus-300x120.jpg 300w, https:\/\/sionairlines.com\/wp-content\/uploads\/2025\/12\/sionairlines-aboutus-1024x410.jpg 1024w, https:\/\/sionairlines.com\/wp-content\/uploads\/2025\/12\/sionairlines-aboutus-768x307.jpg 768w, https:\/\/sionairlines.com\/wp-content\/uploads\/2025\/12\/sionairlines-aboutus-1536x614.jpg 1536w, https:\/\/sionairlines.com\/wp-content\/uploads\/2025\/12\/sionairlines-aboutus-18x7.jpg 18w\" sizes=\"(max-width: 2000px) 100vw, 2000px\" \/>\t\t\t\t\t\t\t\t\t\t\t\t\t\t\t<\/div>\n\t\t\t\t<\/div>\n\t\t\t\t\t<\/div>\n\t\t<\/div>\n\t\t\t\t\t<\/div>\n\t\t<\/section>\n\t\t\t\t<section class=\"elementor-section elementor-top-section elementor-element elementor-element-534fc45 elementor-section-boxed elementor-section-height-default elementor-section-height-default elementor-invisible\" data-id=\"534fc45\" data-element_type=\"section\" data-settings=\"{&quot;background_background&quot;:&quot;classic&quot;,&quot;animation&quot;:&quot;fadeInDown&quot;,&quot;animation_mobile&quot;:&quot;fadeInUp&quot;}\">\n\t\t\t\t\t\t<div class=\"elementor-container elementor-column-gap-default\">\n\t\t\t\t\t<div class=\"elementor-column elementor-col-100 elementor-top-column elementor-element elementor-element-e879037\" data-id=\"e879037\" data-element_type=\"column\">\n\t\t\t<div class=\"elementor-widget-wrap elementor-element-populated\">\n\t\t\t\t\t\t<div class=\"elementor-element elementor-element-77cdd57 elementor-widget elementor-widget-heading\" data-id=\"77cdd57\" data-element_type=\"widget\" data-widget_type=\"heading.default\">\n\t\t\t\t<div class=\"elementor-widget-container\">\n\t\t\t\t\t<h1 class=\"elementor-heading-title elementor-size-default\">\u00c0 propos de nous<\/h1>\t\t\t\t<\/div>\n\t\t\t\t<\/div>\n\t\t\t\t\t<\/div>\n\t\t<\/div>\n\t\t\t\t\t<\/div>\n\t\t<\/section>\n\t\t\t\t<section class=\"elementor-section elementor-top-section elementor-element elementor-element-9979869 elementor-section-boxed elementor-section-height-default elementor-section-height-default\" data-id=\"9979869\" data-element_type=\"section\">\n\t\t\t\t\t\t<div class=\"elementor-container elementor-column-gap-default\">\n\t\t\t\t\t<div class=\"elementor-column elementor-col-100 elementor-top-column elementor-element elementor-element-70a9898\" data-id=\"70a9898\" data-element_type=\"column\">\n\t\t\t<div class=\"elementor-widget-wrap elementor-element-populated\">\n\t\t\t\t\t\t<section class=\"elementor-section elementor-inner-section elementor-element elementor-element-82e4932 elementor-section-boxed elementor-section-height-default elementor-section-height-default\" data-id=\"82e4932\" data-element_type=\"section\" data-settings=\"{&quot;background_background&quot;:&quot;classic&quot;}\">\n\t\t\t\t\t\t<div class=\"elementor-container elementor-column-gap-default\">\n\t\t\t\t\t<div class=\"elementor-column elementor-col-50 elementor-inner-column elementor-element elementor-element-d0cfc58\" data-id=\"d0cfc58\" data-element_type=\"column\">\n\t\t\t<div class=\"elementor-widget-wrap elementor-element-populated\">\n\t\t\t\t\t\t<div class=\"elementor-element elementor-element-d1b1442 elementor-widget elementor-widget-heading\" data-id=\"d1b1442\" data-element_type=\"widget\" data-widget_type=\"heading.default\">\n\t\t\t\t<div class=\"elementor-widget-container\">\n\t\t\t\t\t<h2 class=\"elementor-heading-title elementor-size-default\">Avantages<\/h2>\t\t\t\t<\/div>\n\t\t\t\t<\/div>\n\t\t\t\t<div class=\"elementor-element elementor-element-d580711 elementor-widget elementor-widget-text-editor\" data-id=\"d580711\" data-element_type=\"widget\" data-widget_type=\"text-editor.default\">\n\t\t\t\t<div class=\"elementor-widget-container\">\n\t\t\t\t\t\t\t\t\t<ul><li style=\"text-align: left;\">Voyager selon votre horaire.<\/li><li style=\"text-align: left;\">Pas de file d'attente.<\/li><li style=\"text-align: left;\">R\u00e9duit le temps de trajet<\/li><li style=\"text-align: left;\">Gain de temps\/co\u00fbt.<br \/><br \/><\/li><\/ul>\t\t\t\t\t\t\t\t<\/div>\n\t\t\t\t<\/div>\n\t\t\t\t<div class=\"elementor-element elementor-element-8e0eda3 elementor-hidden-desktop elementor-hidden-tablet elementor-widget elementor-widget-text-editor\" data-id=\"8e0eda3\" data-element_type=\"widget\" data-widget_type=\"text-editor.default\">\n\t\t\t\t<div class=\"elementor-widget-container\">\n\t\t\t\t\t\t\t\t\t<ul><li style=\"text-align: left;\">Accessibilit\u00e9 \u00e0 n\u2019importe quel a\u00e9roport de votre choix.<\/li><li style=\"text-align: left;\">R\u00e9ponse d'urgence.<\/li><li style=\"text-align: left;\">S\u00e9curit\u00e9 et fiabilit\u00e9.<\/li><li style=\"text-align: left;\">Transport de marchandises de grande valeur, etc., \u00e0 grande vitesse et haute s\u00e9curit\u00e9.<\/li><\/ul>\t\t\t\t\t\t\t\t<\/div>\n\t\t\t\t<\/div>\n\t\t\t\t\t<\/div>\n\t\t<\/div>\n\t\t\t\t<div class=\"elementor-column elementor-col-50 elementor-inner-column elementor-element elementor-element-4d4788d elementor-hidden-mobile\" data-id=\"4d4788d\" data-element_type=\"column\">\n\t\t\t<div class=\"elementor-widget-wrap elementor-element-populated\">\n\t\t\t\t\t\t<div class=\"elementor-element elementor-element-4df049f elementor-widget elementor-widget-text-editor\" data-id=\"4df049f\" data-element_type=\"widget\" data-widget_type=\"text-editor.default\">\n\t\t\t\t<div class=\"elementor-widget-container\">\n\t\t\t\t\t\t\t\t\t<ul><li style=\"text-align: left;\">Accessibilit\u00e9 \u00e0 n\u2019importe quel a\u00e9roport de votre choix.<\/li><li style=\"text-align: left;\">R\u00e9ponse d'urgence.<\/li><li style=\"text-align: left;\">S\u00e9curit\u00e9 et fiabilit\u00e9.<\/li><li style=\"text-align: left;\">Transport de marchandises de grande valeur, etc., \u00e0 grande vitesse et haute s\u00e9curit\u00e9.<\/li><\/ul>\t\t\t\t\t\t\t\t<\/div>\n\t\t\t\t<\/div>\n\t\t\t\t\t<\/div>\n\t\t<\/div>\n\t\t\t\t\t<\/div>\n\t\t<\/section>\n\t\t\t\t\t<\/div>\n\t\t<\/div>\n\t\t\t\t\t<\/div>\n\t\t<\/section>\n\t\t\t\t<\/div>","protected":false},"excerpt":{"rendered":"<p>About Us Advantages Travelling at your schedule. No queue&#8217;s. Reduces travelling time Time \/ Cost Saving. Accessibility to any airport of choice. Emergency response. Safety and reliability. Conveyance of high value goods etc, at high speed and high security. Accessibility to any airport of choice. Emergency response. Safety and reliability. Conveyance of high value goods [&hellip;]<\/p>","protected":false},"author":1,"featured_media":0,"parent":0,"menu_order":0,"comment_status":"closed","ping_status":"closed","template":"","meta":{"footnotes":""},"class_list":["post-481","page","type-page","status-publish","hentry"],"_links":{"self":[{"href":"https:\/\/sionairlines.com\/fr\/wp-json\/wp\/v2\/pages\/481","targetHints":{"allow":["GET"]}}],"collection":[{"href":"https:\/\/sionairlines.com\/fr\/wp-json\/wp\/v2\/pages"}],"about":[{"href":"https:\/\/sionairlines.com\/fr\/wp-json\/wp\/v2\/types\/page"}],"author":[{"embeddable":true,"href":"https:\/\/sionairlines.com\/fr\/wp-json\/wp\/v2\/users\/1"}],"replies":[{"embeddable":true,"href":"https:\/\/sionairlines.com\/fr\/wp-json\/wp\/v2\/comments?post=481"}],"version-history":[{"count":0,"href":"https:\/\/sionairlines.com\/fr\/wp-json\/wp\/v2\/pages\/481\/revisions"}],"wp:attachment":[{"href":"https:\/\/sionairlines.com\/fr\/wp-json\/wp\/v2\/media?parent=481"}],"curies":[{"name":"wp","href":"https:\/\/api.w.org\/{rel}","templated":true}]}}